{"id":193,"date":"2024-05-26T14:16:57","date_gmt":"2024-05-26T14:16:57","guid":{"rendered":"https:\/\/www.stampedmagazine.com\/?page_id=193"},"modified":"2025-06-12T17:16:54","modified_gmt":"2025-06-12T17:16:54","slug":"the-team","status":"publish","type":"page","link":"https:\/\/www.stampedmagazine.com\/?page_id=193","title":{"rendered":"The Team"},"content":{"rendered":"\n<hr class=\"wp-block-separator has-alpha-channel-opacity\"\/>\n\n\n\n<p class=\"has-kame-poster-font-family\"><strong>EditorS-in-Chief:<\/strong> Maria-Talida Izdr\u0103il\u0103, OANA ANDRONACHE<br><br><strong>HEAD COPY EDITOR<\/strong>: GEORGE ANDREI<\/p>\n\n\n\n<p class=\"has-kame-poster-font-family\"><strong>Managing Editor:<\/strong> Teodora B\u0103dic\u0103<\/p>\n\n\n\n<p class=\"has-kame-poster-font-family\"><strong>Creative Director:<\/strong> DARIA NISTOR<\/p>\n\n\n\n<p class=\"has-kame-poster-font-family\"><strong>Publications Coordinator:<\/strong> COSMINA CL\u0102N\u021a\u0102U<\/p>\n\n\n\n<p class=\"has-kame-poster-font-family\"><strong>Events Coordinator:<\/strong> Alexandra Avram<br><br><strong>Editors:<\/strong> Teodora Leon, Leila Omer, Alexandra Avram,\u00a0Ana-Ecaterina Bogdan, Stefania-Maria Ifrim-Flutura\u0219<\/p>\n\n\n\n<p class=\"has-kame-poster-font-family\"><strong>Design Team:<\/strong> Ilinca Podoleanu, SABINA DR\u0102GHICI, YUKINA WATANABE, AUGUSTIN COJOCARU<br><br><strong>SOCIAL MEDIA Coordinator<\/strong>: VLADIA \u0218ERBAN<\/p>\n\n\n\n<p class=\"has-kame-poster-font-family\"><strong>Staff Coordinator:\u00a0<\/strong> Andreea Ciobanu<br><br><strong><em>THANK YOU TO OUR FORMER STAFF! &#8211;<\/em> <\/strong>LAURA RUSU, MATEI DIMONU, ALINA AST\u0102LU\u0218, ANA-CRISTINA POPESCU<\/p>\n","protected":false},"excerpt":{"rendered":"<p>EditorS-in-Chief: Maria-Talida Izdr\u0103il\u0103, OANA ANDRONACHE HEAD COPY EDITOR: GEORGE ANDREI Managing Editor: Teodora B\u0103dic\u0103 Creative Director: DARIA NISTOR Publications Coordinator: COSMINA CL\u0102N\u021a\u0102U Events Coordinator: Alexandra Avram Editors: Teodora Leon, Leila Omer, Alexandra Avram,\u00a0Ana-Ecaterina Bogdan, Stefania-Maria Ifrim-Flutura\u0219 Design Team: Ilinca Podoleanu, SABINA DR\u0102GHICI, YUKINA WATANABE, AUGUSTIN COJOCARU SOCIAL MEDIA Coordinator: VLADIA \u0218ERBAN Staff Coordinator:\u00a0 Andreea Ciobanu [&hellip;]<\/p>\n","protected":false},"author":2,"featured_media":0,"parent":0,"menu_order":0,"comment_status":"closed","ping_status":"closed","template":"","meta":{"footnotes":""},"class_list":["post-193","page","type-page","status-publish","hentry"],"_links":{"self":[{"href":"https:\/\/www.stampedmagazine.com\/index.php?rest_route=\/wp\/v2\/pages\/193","targetHints":{"allow":["GET"]}}],"collection":[{"href":"https:\/\/www.stampedmagazine.com\/index.php?rest_route=\/wp\/v2\/pages"}],"about":[{"href":"https:\/\/www.stampedmagazine.com\/index.php?rest_route=\/wp\/v2\/types\/page"}],"author":[{"embeddable":true,"href":"https:\/\/www.stampedmagazine.com\/index.php?rest_route=\/wp\/v2\/users\/2"}],"replies":[{"embeddable":true,"href":"https:\/\/www.stampedmagazine.com\/index.php?rest_route=%2Fwp%2Fv2%2Fcomments&post=193"}],"version-history":[{"count":9,"href":"https:\/\/www.stampedmagazine.com\/index.php?rest_route=\/wp\/v2\/pages\/193\/revisions"}],"predecessor-version":[{"id":377,"href":"https:\/\/www.stampedmagazine.com\/index.php?rest_route=\/wp\/v2\/pages\/193\/revisions\/377"}],"wp:attachment":[{"href":"https:\/\/www.stampedmagazine.com\/index.php?rest_route=%2Fwp%2Fv2%2Fmedia&parent=193"}],"curies":[{"name":"wp","href":"https:\/\/api.w.org\/{rel}","templated":true}]}}